{"id":27,"date":"2022-12-22T10:37:20","date_gmt":"2022-12-22T09:37:20","guid":{"rendered":"https:\/\/sina.s19998130.onlinehome-server.info\/?page_id=27"},"modified":"2024-08-29T16:53:06","modified_gmt":"2024-08-29T14:53:06","slug":"startseite-copy","status":"publish","type":"page","link":"https:\/\/sina.s19998130.onlinehome-server.info\/","title":{"rendered":"Startseite"},"content":{"rendered":"\t\t<div data-elementor-type=\"wp-page\" data-elementor-id=\"27\" class=\"elementor elementor-27\">\n\t\t\t\t\t\t<section class=\"elementor-section elementor-top-section elementor-element elementor-element-133ee3f elementor-section-boxed elementor-section-height-default elementor-section-height-default\" data-id=\"133ee3f\" data-element_type=\"section\">\n\t\t\t\t\t\t<div class=\"elementor-container elementor-column-gap-default\">\n\t\t\t\t\t<div class=\"elementor-column elementor-col-100 elementor-top-column elementor-element elementor-element-5b1f059\" data-id=\"5b1f059\" data-element_type=\"column\">\n\t\t\t<div class=\"elementor-widget-wrap elementor-element-populated\">\n\t\t\t\t\t\t<section class=\"elementor-section elementor-inner-section elementor-element elementor-element-6206555 elementor-section-boxed elementor-section-height-default elementor-section-height-default\" data-id=\"6206555\" data-element_type=\"section\">\n\t\t\t\t\t\t<div class=\"elementor-container elementor-column-gap-default\">\n\t\t\t\t\t<div class=\"elementor-column elementor-col-50 elementor-inner-column elementor-element elementor-element-56e7494\" data-id=\"56e7494\" data-element_type=\"column\">\n\t\t\t<div class=\"elementor-widget-wrap elementor-element-populated\">\n\t\t\t\t\t\t<div class=\"elementor-element elementor-element-6626008 elementor-align-center elementor-widget__width-inherit elementor-widget elementor-widget-button\" data-id=\"6626008\" data-element_type=\"widget\" data-widget_type=\"button.default\">\n\t\t\t\t<div class=\"elementor-widget-container\">\n\t\t\t\t\t<div class=\"elementor-button-wrapper\">\n\t\t\t<a class=\"elementor-button elementor-button-link elementor-size-sm\" href=\"#\">\n\t\t\t\t\t\t<span class=\"elementor-button-content-wrapper\">\n\t\t\t\t\t\t\t\t\t<span class=\"elementor-button-text\">Hier klicken<\/span>\n\t\t\t\t\t<\/span>\n\t\t\t\t\t<\/a>\n\t\t<\/div>\n\t\t\t\t<\/div>\n\t\t\t\t<\/div>\n\t\t\t\t\t<\/div>\n\t\t<\/div>\n\t\t\t\t<div class=\"elementor-column elementor-col-50 elementor-inner-column elementor-element elementor-element-91c247e\" data-id=\"91c247e\" data-element_type=\"column\">\n\t\t\t<div class=\"elementor-widget-wrap elementor-element-populated\">\n\t\t\t\t\t\t<div class=\"elementor-element elementor-element-4b71289 elementor-align-center elementor-widget elementor-widget-button\" data-id=\"4b71289\" data-element_type=\"widget\" data-widget_type=\"button.default\">\n\t\t\t\t<div class=\"elementor-widget-container\">\n\t\t\t\t\t<div class=\"elementor-button-wrapper\">\n\t\t\t<a class=\"elementor-button elementor-button-link elementor-size-sm\" href=\"#\">\n\t\t\t\t\t\t<span class=\"elementor-button-content-wrapper\">\n\t\t\t\t\t\t\t\t\t<span class=\"elementor-button-text\">Hier klicken<\/span>\n\t\t\t\t\t<\/span>\n\t\t\t\t\t<\/a>\n\t\t<\/div>\n\t\t\t\t<\/div>\n\t\t\t\t<\/div>\n\t\t\t\t\t<\/div>\n\t\t<\/div>\n\t\t\t\t\t<\/div>\n\t\t<\/section>\n\t\t\t\t\t<\/div>\n\t\t<\/div>\n\t\t\t\t\t<\/div>\n\t\t<\/section>\n\t\t\t\t<section class=\"elementor-section elementor-top-section elementor-element elementor-element-d55a0f1 elementor-section-boxed elementor-section-height-default elementor-section-height-default\" data-id=\"d55a0f1\" data-element_type=\"section\">\n\t\t\t\t\t\t<div class=\"elementor-container elementor-column-gap-default\">\n\t\t\t\t\t<div class=\"elementor-column elementor-col-100 elementor-top-column elementor-element elementor-element-f52942e\" data-id=\"f52942e\" data-element_type=\"column\">\n\t\t\t<div class=\"elementor-widget-wrap elementor-element-populated\">\n\t\t\t\t\t\t<div class=\"elementor-element elementor-element-7617ba9 elementor-widget elementor-widget-text-editor\" data-id=\"7617ba9\" data-element_type=\"widget\" data-widget_type=\"text-editor.default\">\n\t\t\t\t<div class=\"elementor-widget-container\">\n\t\t\t<style>\/*! elementor - v3.23.0 - 05-08-2024 *\/\n.elementor-widget-text-editor.elementor-drop-cap-view-stacked .elementor-drop-cap{background-color:#69727d;color:#fff}.elementor-widget-text-editor.elementor-drop-cap-view-framed .elementor-drop-cap{color:#69727d;border:3px solid;background-color:transparent}.elementor-widget-text-editor:not(.elementor-drop-cap-view-default) .elementor-drop-cap{margin-top:8px}.elementor-widget-text-editor:not(.elementor-drop-cap-view-default) .elementor-drop-cap-letter{width:1em;height:1em}.elementor-widget-text-editor .elementor-drop-cap{float:left;text-align:center;line-height:1;font-size:50px}.elementor-widget-text-editor .elementor-drop-cap-letter{display:inline-block}<\/style>\t\t\t\t<p>Derzeit Renovieren wir unseren Internetauftritt f\u00fcr Sie. F\u00fcr eventuelle Unannehmlichkeiten m\u00f6chten wir uns im Vorfeld entschuldigen und bitten um Ihr Verst\u00e4ndnis. Die Umbau arbeiten sollten in kurzer Zeit abgeschlossen sein.<\/p>\t\t\t\t\t\t<\/div>\n\t\t\t\t<\/div>\n\t\t\t\t\t<\/div>\n\t\t<\/div>\n\t\t\t\t\t<\/div>\n\t\t<\/section>\n\t\t\t\t<section class=\"elementor-section elementor-top-section elementor-element elementor-element-8ce4de7 elementor-section-boxed elementor-section-height-default elementor-section-height-default\" data-id=\"8ce4de7\" data-element_type=\"section\">\n\t\t\t\t\t\t<div class=\"elementor-container elementor-column-gap-default\">\n\t\t\t\t\t<div class=\"elementor-column elementor-col-100 elementor-top-column elementor-element elementor-element-1fe2c8c\" data-id=\"1fe2c8c\" data-element_type=\"column\">\n\t\t\t<div class=\"elementor-widget-wrap elementor-element-populated\">\n\t\t\t\t\t\t<div class=\"elementor-element elementor-element-26880df elementor-widget elementor-widget-image\" data-id=\"26880df\" data-element_type=\"widget\" data-widget_type=\"image.default\">\n\t\t\t\t<div class=\"elementor-widget-container\">\n\t\t\t<style>\/*! elementor - v3.23.0 - 05-08-2024 *\/\n.elementor-widget-image{text-align:center}.elementor-widget-image a{display:inline-block}.elementor-widget-image a img[src$=\".svg\"]{width:48px}.elementor-widget-image img{vertical-align:middle;display:inline-block}<\/style>\t\t\t\t\t\t\t\t\t\t<img fetchpriority=\"high\" decoding=\"async\" width=\"300\" height=\"200\" src=\"https:\/\/sina.s19998130.onlinehome-server.info\/wp-content\/uploads\/2023\/11\/WhatsApp-Bild-2023-11-02-um-14.11.36_15935746-300x200.jpg\" class=\"attachment-medium size-medium wp-image-76\" alt=\"\" srcset=\"https:\/\/sina.s19998130.onlinehome-server.info\/wp-content\/uploads\/2023\/11\/WhatsApp-Bild-2023-11-02-um-14.11.36_15935746-300x200.jpg 300w, https:\/\/sina.s19998130.onlinehome-server.info\/wp-content\/uploads\/2023\/11\/WhatsApp-Bild-2023-11-02-um-14.11.36_15935746-768x512.jpg 768w, https:\/\/sina.s19998130.onlinehome-server.info\/wp-content\/uploads\/2023\/11\/WhatsApp-Bild-2023-11-02-um-14.11.36_15935746.jpg 1024w\" sizes=\"(max-width: 300px) 100vw, 300px\" \/>\t\t\t\t\t\t\t\t\t\t\t\t\t<\/div>\n\t\t\t\t<\/div>\n\t\t\t\t\t<\/div>\n\t\t<\/div>\n\t\t\t\t\t<\/div>\n\t\t<\/section>\n\t\t\t\t<\/div>\n\t\t","protected":false},"excerpt":{"rendered":"<p>Hier klicken Hier klicken Derzeit Renovieren wir unseren Internetauftritt f\u00fcr Sie. F\u00fcr eventuelle Unannehmlichkeiten m\u00f6chten wir uns im Vorfeld entschuldigen und bitten um Ihr Verst\u00e4ndnis. Die Umbau arbeiten sollten in kurzer Zeit abgeschlossen sein.<\/p>\n","protected":false},"author":1,"featured_media":0,"parent":0,"menu_order":0,"comment_status":"closed","ping_status":"closed","template":"","meta":{"_eb_attr":"","footnotes":""},"class_list":["post-27","page","type-page","status-publish","hentry","grid-sizer"],"_links":{"self":[{"href":"https:\/\/sina.s19998130.onlinehome-server.info\/index.php?rest_route=\/wp\/v2\/pages\/27","targetHints":{"allow":["GET"]}}],"collection":[{"href":"https:\/\/sina.s19998130.onlinehome-server.info\/index.php?rest_route=\/wp\/v2\/pages"}],"about":[{"href":"https:\/\/sina.s19998130.onlinehome-server.info\/index.php?rest_route=\/wp\/v2\/types\/page"}],"author":[{"embeddable":true,"href":"https:\/\/sina.s19998130.onlinehome-server.info\/index.php?rest_route=\/wp\/v2\/users\/1"}],"replies":[{"embeddable":true,"href":"https:\/\/sina.s19998130.onlinehome-server.info\/index.php?rest_route=%2Fwp%2Fv2%2Fcomments&post=27"}],"version-history":[{"count":31,"href":"https:\/\/sina.s19998130.onlinehome-server.info\/index.php?rest_route=\/wp\/v2\/pages\/27\/revisions"}],"predecessor-version":[{"id":136,"href":"https:\/\/sina.s19998130.onlinehome-server.info\/index.php?rest_route=\/wp\/v2\/pages\/27\/revisions\/136"}],"wp:attachment":[{"href":"https:\/\/sina.s19998130.onlinehome-server.info\/index.php?rest_route=%2Fwp%2Fv2%2Fmedia&parent=27"}],"curies":[{"name":"wp","href":"https:\/\/api.w.org\/{rel}","templated":true}]}}